{"id":81,"date":"2019-07-22T22:33:12","date_gmt":"2019-07-22T20:33:12","guid":{"rendered":"http:\/\/www.orchestre-lacourneuve.com\/ohlc\/?page_id=81"},"modified":"2020-10-27T19:39:04","modified_gmt":"2020-10-27T18:39:04","slug":"soutenez-lohlc","status":"publish","type":"page","link":"https:\/\/www.orchestre-lacourneuve.com\/ohlc\/soutenez-lohlc\/","title":{"rendered":"Soutenez l&rsquo;OHLC"},"content":{"rendered":"\n<p> Bonjour,<br>Il y a de multiples mani\u00e8res de soutenir l&rsquo;OHLC ! Peut-\u00eatre n&rsquo;avez-vous pas encore explor\u00e9 toutes ces pistes :<\/p>\n\n\n\n<ul class=\"wp-block-list\"><li>si vous \u00eates musiciens, rejoindre notre Orchestre ; Nous recherchons en permanence de nouveaux talents petits ou grands !<\/li><li>faire  partie de notre public \u00e0 La Courneuve ou ailleurs ! N&rsquo;h\u00e9sitez pas \u00e0  nous adresser vos coordonn\u00e9es afin de recevoir des informations sur les  prochains concerts<\/li><li>faire un don \u00e0 l&rsquo;orchestre qui est habilit\u00e9 \u00e0 les recevoir en tant qu&rsquo;association&nbsp;<\/li><\/ul>\n\n\n\n<p>Enfin, <strong>si vous r\u00e9alisez habituellement des achats sur AMAZON, utilisez le lien suivant<\/strong> (ou cliquez sur le bandeau publicitaire ci-dessous) pour acc\u00e9der \u00e0 AMAZON et faites comme vous en avez l&rsquo;habitude !<\/p>\n\n\n\n<p style=\"text-align:center\"> <a rel=\"noreferrer noopener\" target=\"_blank\" href=\"https:\/\/www.amazon.fr\/?_encoding=UTF8&amp;camp=1642&amp;creative=6746&amp;linkCode=ur2&amp;tag=ohlorchar-21\">Lien direct<\/a><\/p>\n\n\n\n<p><strong>Cette d\u00e9marche n&rsquo;a aucun impact sur votre  budget et vos achats mais elle permet de reverser quelques centimes,  voire quelques euros \u00e0 l&rsquo;OHLC !<\/strong>Nota : l&rsquo;administrateur du site OHLC peut consulter les achats r\u00e9alis\u00e9s sans possibilit\u00e9 de conna\u00eetre l&rsquo;acheteur&nbsp; <\/p>\n","protected":false},"excerpt":{"rendered":"<p>Bonjour,Il y a de multiples mani\u00e8res de soutenir l&rsquo;OHLC ! Peut-\u00eatre n&rsquo;avez-vous pas encore explor\u00e9 toutes ces pistes : si vous \u00eates musiciens, rejoindre notre Orchestre ; Nous recherchons en permanence de nouveaux talents petits ou grands ! faire partie de notre public \u00e0 La Courneuve ou ailleurs ! N&rsquo;h\u00e9sitez pas \u00e0 nous adresser vos [&hellip;]<\/p>\n","protected":false},"author":4,"featured_media":0,"parent":0,"menu_order":0,"comment_status":"closed","ping_status":"closed","template":"template-fullwidth.php","meta":{"footnotes":""},"class_list":["post-81","page","type-page","status-publish","hentry"],"_links":{"self":[{"href":"https:\/\/www.orchestre-lacourneuve.com\/ohlc\/wp-json\/wp\/v2\/pages\/81","targetHints":{"allow":["GET"]}}],"collection":[{"href":"https:\/\/www.orchestre-lacourneuve.com\/ohlc\/wp-json\/wp\/v2\/pages"}],"about":[{"href":"https:\/\/www.orchestre-lacourneuve.com\/ohlc\/wp-json\/wp\/v2\/types\/page"}],"author":[{"embeddable":true,"href":"https:\/\/www.orchestre-lacourneuve.com\/ohlc\/wp-json\/wp\/v2\/users\/4"}],"replies":[{"embeddable":true,"href":"https:\/\/www.orchestre-lacourneuve.com\/ohlc\/wp-json\/wp\/v2\/comments?post=81"}],"version-history":[{"count":4,"href":"https:\/\/www.orchestre-lacourneuve.com\/ohlc\/wp-json\/wp\/v2\/pages\/81\/revisions"}],"predecessor-version":[{"id":1862,"href":"https:\/\/www.orchestre-lacourneuve.com\/ohlc\/wp-json\/wp\/v2\/pages\/81\/revisions\/1862"}],"wp:attachment":[{"href":"https:\/\/www.orchestre-lacourneuve.com\/ohlc\/wp-json\/wp\/v2\/media?parent=81"}],"curies":[{"name":"wp","href":"https:\/\/api.w.org\/{rel}","templated":true}]}}