{"id":273,"date":"2019-07-23T23:00:44","date_gmt":"2019-07-23T21:00:44","guid":{"rendered":"http:\/\/www.orchestre-lacourneuve.com\/ohlc\/?page_id=273"},"modified":"2024-11-11T20:33:23","modified_gmt":"2024-11-11T19:33:23","slug":"en-transport","status":"publish","type":"page","link":"https:\/\/www.orchestre-lacourneuve.com\/ohlc\/en-transport\/","title":{"rendered":"En Transports"},"content":{"rendered":"\n<p class=\"has-medium-font-size\"><strong>Adresse : <\/strong>Lyc\u00e9e Denis Papin, acc\u00e8s livraison : 6 Rue Lacazette, La Courneuve<\/p>\n\n\n\n<p><strong>Tram<\/strong> : T1 &#8211; Bus : N43, 143, 150, 249, 250,302<br><strong>RER<\/strong> : B<br><br>Ensuite \u00e0 pied pour nous rejoindre<\/p>\n\n\n\n<ul class=\"wp-block-list\">\n<li>A <strong>6 mn <\/strong>des 6 routes de La Courneuve<\/li>\n\n\n\n<li>A <strong>7 mn<\/strong> de l&rsquo;H\u00f4tel de Ville de La Courneuve<\/li>\n\n\n\n<li>A <strong>10 mn<\/strong> de la Gare RER B de La Courneuve<\/li>\n<\/ul>\n\n\n\n<figure class=\"wp-block-image aligncenter\"><img decoding=\"async\" src=\"http:\/\/www.orchestre-lacourneuve.com\/ohlc\/wp-content\/uploads\/2019\/07\/acces_pietons-1024x841.jpg\" alt=\"\" class=\"wp-image-525\"\/><\/figure>\n\n\n\n<p>Lyc\u00e9eDenis Papin, acc\u00e8s livraison : 6 Rue Lacazette, La Courneuve<\/p>\n\n\n\n<div align = \"center\">\n\n\n\n<div class=\"wp-swiper\"><div class=\"wp-swiper__wrapper\"><div class=\"swiper-container swiper\" data-swiper=\"{&quot;slidesPerView&quot;:&quot;1&quot;,&quot;navigation&quot;:true,&quot;pagination&quot;:{&quot;type&quot;:&quot;bullets&quot;},&quot;delay&quot;:3000,&quot;speed&quot;:500,&quot;loop&quot;:true,&quot;direction&quot;:&quot;horizontal&quot;,&quot;slidesOffsetBefore&quot;:0,&quot;slidesOffsetAfter&quot;:0,&quot;autoHeight&quot;:false,&quot;spaceBetween&quot;:0,&quot;releaseOnEdges&quot;:false,&quot;effect&quot;:&quot;fade&quot;,&quot;fadeEffect&quot;:{&quot;crossFade&quot;:true},&quot;autoplay&quot;:{&quot;delay&quot;:3000,&quot;disableOnInteraction&quot;:true}}\"><div class=\"swiper-wrapper\">\n<div data-tab=\"slide-1\" class=\"wp-swiper__slide swiper-slide\"><div class=\"wp-swiper__overlay-color\" style=\"background-color:rgba(0, 0, 0, 0)\"><\/div><div class=\"wp-swiper__slide-content\">\n<figure class=\"wp-block-image size-full\"><img loading=\"lazy\" decoding=\"async\" width=\"977\" height=\"670\" src=\"https:\/\/www.orchestre-lacourneuve.com\/ohlc\/wp-content\/uploads\/2023\/05\/acces1.png\" alt=\"\" class=\"wp-image-2017\" srcset=\"https:\/\/www.orchestre-lacourneuve.com\/ohlc\/wp-content\/uploads\/2023\/05\/acces1.png 977w, https:\/\/www.orchestre-lacourneuve.com\/ohlc\/wp-content\/uploads\/2023\/05\/acces1-394x270.png 394w, https:\/\/www.orchestre-lacourneuve.com\/ohlc\/wp-content\/uploads\/2023\/05\/acces1-768x527.png 768w\" sizes=\"auto, (max-width: 977px) 100vw, 977px\" \/><\/figure>\n<\/div><\/div>\n\n\n\n<div data-tab=\"slide-2\" class=\"wp-swiper__slide swiper-slide\"><div class=\"wp-swiper__overlay-color\" style=\"background-color:rgba(0, 0, 0, 0)\"><\/div><div class=\"wp-swiper__slide-content\">\n<figure class=\"wp-block-image size-full\"><img loading=\"lazy\" decoding=\"async\" width=\"903\" height=\"466\" src=\"https:\/\/www.orchestre-lacourneuve.com\/ohlc\/wp-content\/uploads\/2023\/05\/acces2.png\" alt=\"\" class=\"wp-image-2018\" srcset=\"https:\/\/www.orchestre-lacourneuve.com\/ohlc\/wp-content\/uploads\/2023\/05\/acces2.png 903w, https:\/\/www.orchestre-lacourneuve.com\/ohlc\/wp-content\/uploads\/2023\/05\/acces2-480x248.png 480w, https:\/\/www.orchestre-lacourneuve.com\/ohlc\/wp-content\/uploads\/2023\/05\/acces2-768x396.png 768w\" sizes=\"auto, (max-width: 903px) 100vw, 903px\" \/><\/figure>\n<\/div><\/div>\n\n\n\n<div data-tab=\"slide-3\" class=\"wp-swiper__slide swiper-slide\"><div class=\"wp-swiper__overlay-color\" style=\"background-color:rgba(0, 0, 0, 0)\"><\/div><div class=\"wp-swiper__slide-content\">\n<figure class=\"wp-block-image aligncenter size-full\"><img loading=\"lazy\" decoding=\"async\" width=\"911\" height=\"572\" src=\"https:\/\/www.orchestre-lacourneuve.com\/ohlc\/wp-content\/uploads\/2023\/05\/acces3.png\" alt=\"\" class=\"wp-image-2019\" srcset=\"https:\/\/www.orchestre-lacourneuve.com\/ohlc\/wp-content\/uploads\/2023\/05\/acces3.png 911w, https:\/\/www.orchestre-lacourneuve.com\/ohlc\/wp-content\/uploads\/2023\/05\/acces3-430x270.png 430w, https:\/\/www.orchestre-lacourneuve.com\/ohlc\/wp-content\/uploads\/2023\/05\/acces3-768x482.png 768w\" sizes=\"auto, (max-width: 911px) 100vw, 911px\" \/><\/figure>\n<\/div><\/div>\n<\/div><\/div><div class=\"wp_swiper__navigation\"><div class=\"wp_swiper__navigation-container\"><div class=\"swiper-button-prev \"><\/div><div class=\"swiper-button-next \"><\/div><\/div><\/div><div class=\"swiper-pagination\"><\/div><\/div><\/div>\n\n\n\n<\/div>\n","protected":false},"excerpt":{"rendered":"<p>Adresse : Lyc\u00e9e Denis Papin, acc\u00e8s livraison : 6 Rue Lacazette, La Courneuve Tram : T1 &#8211; Bus : N43, 143, 150, 249, 250,302RER : B Ensuite \u00e0 pied pour nous rejoindre Lyc\u00e9eDenis Papin, acc\u00e8s livraison : 6 Rue Lacazette, La Courneuve<\/p>\n","protected":false},"author":4,"featured_media":0,"parent":0,"menu_order":0,"comment_status":"closed","ping_status":"closed","template":"template-fullwidth.php","meta":{"footnotes":""},"class_list":["post-273","page","type-page","status-publish","hentry"],"_links":{"self":[{"href":"https:\/\/www.orchestre-lacourneuve.com\/ohlc\/wp-json\/wp\/v2\/pages\/273","targetHints":{"allow":["GET"]}}],"collection":[{"href":"https:\/\/www.orchestre-lacourneuve.com\/ohlc\/wp-json\/wp\/v2\/pages"}],"about":[{"href":"https:\/\/www.orchestre-lacourneuve.com\/ohlc\/wp-json\/wp\/v2\/types\/page"}],"author":[{"embeddable":true,"href":"https:\/\/www.orchestre-lacourneuve.com\/ohlc\/wp-json\/wp\/v2\/users\/4"}],"replies":[{"embeddable":true,"href":"https:\/\/www.orchestre-lacourneuve.com\/ohlc\/wp-json\/wp\/v2\/comments?post=273"}],"version-history":[{"count":22,"href":"https:\/\/www.orchestre-lacourneuve.com\/ohlc\/wp-json\/wp\/v2\/pages\/273\/revisions"}],"predecessor-version":[{"id":2323,"href":"https:\/\/www.orchestre-lacourneuve.com\/ohlc\/wp-json\/wp\/v2\/pages\/273\/revisions\/2323"}],"wp:attachment":[{"href":"https:\/\/www.orchestre-lacourneuve.com\/ohlc\/wp-json\/wp\/v2\/media?parent=273"}],"curies":[{"name":"wp","href":"https:\/\/api.w.org\/{rel}","templated":true}]}}